{"id":19,"date":"2019-12-19T00:24:44","date_gmt":"2019-12-18T23:24:44","guid":{"rendered":"https:\/\/portfolio.kamproduction.fr\/?page_id=19"},"modified":"2024-10-10T22:14:06","modified_gmt":"2024-10-10T20:14:06","slug":"homepage","status":"publish","type":"page","link":"http:\/\/portfolio.kamproduction.fr\/","title":{"rendered":"Portfofolio Kamproduction"},"content":{"rendered":"\n<h2 class=\"wp-block-heading has-text-align-center\"><strong>D\u00e9couvrez nos r\u00e9alisations <\/strong><\/h2>\n","protected":false},"excerpt":{"rendered":"<p>D\u00e9couvrez nos r\u00e9alisations<\/p>\n","protected":false},"author":1,"featured_media":6691,"parent":0,"menu_order":0,"comment_status":"closed","ping_status":"closed","template":"portfolio\/archive.php","meta":{"footnotes":""},"yoast_head":"<!-- This site is optimized with the Yoast SEO plugin v24.5 - https:\/\/yoast.com\/wordpress\/plugins\/seo\/ -->\n<title>KAM Production | R\u00e9alisation audiovisuel | Grenoble, Rh\u00f4ne-alpes, Is\u00e8re |<\/title>\n<meta name=\"description\" content=\"Soci\u00e9t\u00e9 de production audiovisuel situ\u00e9 \u00e0 Grenoble, r\u00e9alisation de vid\u00e9o d&#039;entreprise en Is\u00e8re , film institutionnel Rh\u00f4ne-Alpes.\" \/>\n<meta name=\"robots\" content=\"index, follow, max-snippet:-1, max-image-preview:large, max-video-preview:-1\" \/>\n<link rel=\"canonical\" href=\"http:\/\/portfolio.kamproduction.fr\/\" \/>\n<meta property=\"og:locale\" content=\"fr_FR\" \/>\n<meta property=\"og:type\" content=\"article\" \/>\n<meta property=\"og:title\" content=\"KAM Production _ Nos r\u00e9f\u00e9rences\" \/>\n<meta property=\"og:description\" content=\"D\u00e9couvrez une partie de nos r\u00e9alisations. Contactez nous pour vos projets ! Yes We KAM.\" \/>\n<meta property=\"og:url\" content=\"http:\/\/portfolio.kamproduction.fr\/\" \/>\n<meta property=\"og:site_name\" content=\"Portfolio KAM production\" \/>\n<meta property=\"article:modified_time\" content=\"2024-10-10T20:14:06+00:00\" \/>\n<meta property=\"og:image\" content=\"http:\/\/portfolio.kamproduction.fr\/wp-content\/uploads\/2020\/01\/KAMPROD.jpg\" \/>\n\t<meta property=\"og:image:width\" content=\"1200\" \/>\n\t<meta property=\"og:image:height\" content=\"630\" \/>\n\t<meta property=\"og:image:type\" content=\"image\/jpeg\" \/>\n<meta name=\"twitter:card\" content=\"summary_large_image\" \/>\n<meta name=\"twitter:label1\" content=\"Dur\u00e9e de lecture estim\u00e9e\" \/>\n\t<meta name=\"twitter:data1\" content=\"1 minute\" \/>\n<script type=\"application\/ld+json\" class=\"yoast-schema-graph\">{\"@context\":\"https:\/\/schema.org\",\"@graph\":[{\"@type\":\"WebPage\",\"@id\":\"http:\/\/portfolio.kamproduction.fr\/\",\"url\":\"http:\/\/portfolio.kamproduction.fr\/\",\"name\":\"KAM Production | R\u00e9alisation audiovisuel | Grenoble, Rh\u00f4ne-alpes, Is\u00e8re |\",\"isPartOf\":{\"@id\":\"http:\/\/portfolio.kamproduction.fr\/#website\"},\"primaryImageOfPage\":{\"@id\":\"http:\/\/portfolio.kamproduction.fr\/#primaryimage\"},\"image\":{\"@id\":\"http:\/\/portfolio.kamproduction.fr\/#primaryimage\"},\"thumbnailUrl\":\"http:\/\/portfolio.kamproduction.fr\/wp-content\/uploads\/2020\/01\/KAMPROD.jpg\",\"datePublished\":\"2019-12-18T23:24:44+00:00\",\"dateModified\":\"2024-10-10T20:14:06+00:00\",\"description\":\"Soci\u00e9t\u00e9 de production audiovisuel situ\u00e9 \u00e0 Grenoble, r\u00e9alisation de vid\u00e9o d'entreprise en Is\u00e8re , film institutionnel Rh\u00f4ne-Alpes.\",\"breadcrumb\":{\"@id\":\"http:\/\/portfolio.kamproduction.fr\/#breadcrumb\"},\"inLanguage\":\"fr-FR\",\"potentialAction\":[{\"@type\":\"ReadAction\",\"target\":[\"http:\/\/portfolio.kamproduction.fr\/\"]}]},{\"@type\":\"ImageObject\",\"inLanguage\":\"fr-FR\",\"@id\":\"http:\/\/portfolio.kamproduction.fr\/#primaryimage\",\"url\":\"http:\/\/portfolio.kamproduction.fr\/wp-content\/uploads\/2020\/01\/KAMPROD.jpg\",\"contentUrl\":\"http:\/\/portfolio.kamproduction.fr\/wp-content\/uploads\/2020\/01\/KAMPROD.jpg\",\"width\":1200,\"height\":630},{\"@type\":\"BreadcrumbList\",\"@id\":\"http:\/\/portfolio.kamproduction.fr\/#breadcrumb\",\"itemListElement\":[{\"@type\":\"ListItem\",\"position\":1,\"name\":\"Accueil\",\"item\":\"http:\/\/portfolio.kamproduction.fr\/\"},{\"@type\":\"ListItem\",\"position\":2,\"name\":\"Portfofolio Kamproduction\"}]},{\"@type\":\"WebSite\",\"@id\":\"http:\/\/portfolio.kamproduction.fr\/#website\",\"url\":\"http:\/\/portfolio.kamproduction.fr\/\",\"name\":\"Portfolio KAM production\",\"description\":\"Kamproduction\",\"publisher\":{\"@id\":\"http:\/\/portfolio.kamproduction.fr\/#organization\"},\"potentialAction\":[{\"@type\":\"SearchAction\",\"target\":{\"@type\":\"EntryPoint\",\"urlTemplate\":\"http:\/\/portfolio.kamproduction.fr\/?s={search_term_string}\"},\"query-input\":{\"@type\":\"PropertyValueSpecification\",\"valueRequired\":true,\"valueName\":\"search_term_string\"}}],\"inLanguage\":\"fr-FR\"},{\"@type\":\"Organization\",\"@id\":\"http:\/\/portfolio.kamproduction.fr\/#organization\",\"name\":\"KAM PRODUCTION\",\"url\":\"http:\/\/portfolio.kamproduction.fr\/\",\"logo\":{\"@type\":\"ImageObject\",\"inLanguage\":\"fr-FR\",\"@id\":\"http:\/\/portfolio.kamproduction.fr\/#\/schema\/logo\/image\/\",\"url\":\"https:\/\/portfolio.kamproduction.fr\/wp-content\/uploads\/2020\/01\/logo-kam.png\",\"contentUrl\":\"https:\/\/portfolio.kamproduction.fr\/wp-content\/uploads\/2020\/01\/logo-kam.png\",\"width\":500,\"height\":200,\"caption\":\"KAM PRODUCTION\"},\"image\":{\"@id\":\"http:\/\/portfolio.kamproduction.fr\/#\/schema\/logo\/image\/\"}}]}<\/script>\n<!-- \/ Yoast SEO plugin. -->","yoast_head_json":{"title":"KAM Production | R\u00e9alisation audiovisuel | Grenoble, Rh\u00f4ne-alpes, Is\u00e8re |","description":"Soci\u00e9t\u00e9 de production audiovisuel situ\u00e9 \u00e0 Grenoble, r\u00e9alisation de vid\u00e9o d'entreprise en Is\u00e8re , film institutionnel Rh\u00f4ne-Alpes.","robots":{"index":"index","follow":"follow","max-snippet":"max-snippet:-1","max-image-preview":"max-image-preview:large","max-video-preview":"max-video-preview:-1"},"canonical":"http:\/\/portfolio.kamproduction.fr\/","og_locale":"fr_FR","og_type":"article","og_title":"KAM Production _ Nos r\u00e9f\u00e9rences","og_description":"D\u00e9couvrez une partie de nos r\u00e9alisations. Contactez nous pour vos projets ! Yes We KAM.","og_url":"http:\/\/portfolio.kamproduction.fr\/","og_site_name":"Portfolio KAM production","article_modified_time":"2024-10-10T20:14:06+00:00","og_image":[{"width":1200,"height":630,"url":"http:\/\/portfolio.kamproduction.fr\/wp-content\/uploads\/2020\/01\/KAMPROD.jpg","type":"image\/jpeg"}],"twitter_card":"summary_large_image","twitter_misc":{"Dur\u00e9e de lecture estim\u00e9e":"1 minute"},"schema":{"@context":"https:\/\/schema.org","@graph":[{"@type":"WebPage","@id":"http:\/\/portfolio.kamproduction.fr\/","url":"http:\/\/portfolio.kamproduction.fr\/","name":"KAM Production | R\u00e9alisation audiovisuel | Grenoble, Rh\u00f4ne-alpes, Is\u00e8re |","isPartOf":{"@id":"http:\/\/portfolio.kamproduction.fr\/#website"},"primaryImageOfPage":{"@id":"http:\/\/portfolio.kamproduction.fr\/#primaryimage"},"image":{"@id":"http:\/\/portfolio.kamproduction.fr\/#primaryimage"},"thumbnailUrl":"http:\/\/portfolio.kamproduction.fr\/wp-content\/uploads\/2020\/01\/KAMPROD.jpg","datePublished":"2019-12-18T23:24:44+00:00","dateModified":"2024-10-10T20:14:06+00:00","description":"Soci\u00e9t\u00e9 de production audiovisuel situ\u00e9 \u00e0 Grenoble, r\u00e9alisation de vid\u00e9o d'entreprise en Is\u00e8re , film institutionnel Rh\u00f4ne-Alpes.","breadcrumb":{"@id":"http:\/\/portfolio.kamproduction.fr\/#breadcrumb"},"inLanguage":"fr-FR","potentialAction":[{"@type":"ReadAction","target":["http:\/\/portfolio.kamproduction.fr\/"]}]},{"@type":"ImageObject","inLanguage":"fr-FR","@id":"http:\/\/portfolio.kamproduction.fr\/#primaryimage","url":"http:\/\/portfolio.kamproduction.fr\/wp-content\/uploads\/2020\/01\/KAMPROD.jpg","contentUrl":"http:\/\/portfolio.kamproduction.fr\/wp-content\/uploads\/2020\/01\/KAMPROD.jpg","width":1200,"height":630},{"@type":"BreadcrumbList","@id":"http:\/\/portfolio.kamproduction.fr\/#breadcrumb","itemListElement":[{"@type":"ListItem","position":1,"name":"Accueil","item":"http:\/\/portfolio.kamproduction.fr\/"},{"@type":"ListItem","position":2,"name":"Portfofolio Kamproduction"}]},{"@type":"WebSite","@id":"http:\/\/portfolio.kamproduction.fr\/#website","url":"http:\/\/portfolio.kamproduction.fr\/","name":"Portfolio KAM production","description":"Kamproduction","publisher":{"@id":"http:\/\/portfolio.kamproduction.fr\/#organization"},"potentialAction":[{"@type":"SearchAction","target":{"@type":"EntryPoint","urlTemplate":"http:\/\/portfolio.kamproduction.fr\/?s={search_term_string}"},"query-input":{"@type":"PropertyValueSpecification","valueRequired":true,"valueName":"search_term_string"}}],"inLanguage":"fr-FR"},{"@type":"Organization","@id":"http:\/\/portfolio.kamproduction.fr\/#organization","name":"KAM PRODUCTION","url":"http:\/\/portfolio.kamproduction.fr\/","logo":{"@type":"ImageObject","inLanguage":"fr-FR","@id":"http:\/\/portfolio.kamproduction.fr\/#\/schema\/logo\/image\/","url":"https:\/\/portfolio.kamproduction.fr\/wp-content\/uploads\/2020\/01\/logo-kam.png","contentUrl":"https:\/\/portfolio.kamproduction.fr\/wp-content\/uploads\/2020\/01\/logo-kam.png","width":500,"height":200,"caption":"KAM PRODUCTION"},"image":{"@id":"http:\/\/portfolio.kamproduction.fr\/#\/schema\/logo\/image\/"}}]}},"_links":{"self":[{"href":"http:\/\/portfolio.kamproduction.fr\/index.php?rest_route=\/wp\/v2\/pages\/19"}],"collection":[{"href":"http:\/\/portfolio.kamproduction.fr\/index.php?rest_route=\/wp\/v2\/pages"}],"about":[{"href":"http:\/\/portfolio.kamproduction.fr\/index.php?rest_route=\/wp\/v2\/types\/page"}],"author":[{"embeddable":true,"href":"http:\/\/portfolio.kamproduction.fr\/index.php?rest_route=\/wp\/v2\/users\/1"}],"replies":[{"embeddable":true,"href":"http:\/\/portfolio.kamproduction.fr\/index.php?rest_route=%2Fwp%2Fv2%2Fcomments&post=19"}],"version-history":[{"count":4,"href":"http:\/\/portfolio.kamproduction.fr\/index.php?rest_route=\/wp\/v2\/pages\/19\/revisions"}],"predecessor-version":[{"id":7924,"href":"http:\/\/portfolio.kamproduction.fr\/index.php?rest_route=\/wp\/v2\/pages\/19\/revisions\/7924"}],"wp:featuredmedia":[{"embeddable":true,"href":"http:\/\/portfolio.kamproduction.fr\/index.php?rest_route=\/wp\/v2\/media\/6691"}],"wp:attachment":[{"href":"http:\/\/portfolio.kamproduction.fr\/index.php?rest_route=%2Fwp%2Fv2%2Fmedia&parent=19"}],"curies":[{"name":"wp","href":"https:\/\/api.w.org\/{rel}","templated":true}]}}